{"id":1343,"date":"2022-03-12T18:20:34","date_gmt":"2022-03-12T18:20:34","guid":{"rendered":"https:\/\/transdev-hdf.fr\/?page_id=1343"},"modified":"2023-09-21T14:36:50","modified_gmt":"2023-09-21T14:36:50","slug":"nous-rejoindre","status":"publish","type":"page","link":"https:\/\/transdev-hdf.fr\/index.php\/nous-rejoindre\/","title":{"rendered":"Nous rejoindre"},"content":{"rendered":"\n<div class=\"wp-block-media-text alignwide is-stacked-on-mobile\"><figure class=\"wp-block-media-text__media\"><img decoding=\"async\" loading=\"lazy\" width=\"1024\" height=\"683\" src=\"https:\/\/transdev-hdf.fr\/wp-content\/uploads\/2022\/03\/Transdev_IMG03403_thumb_1200-1024x683.jpg\" alt=\"\" class=\"wp-image-1353 size-full\" srcset=\"https:\/\/transdev-hdf.fr\/wp-content\/uploads\/2022\/03\/Transdev_IMG03403_thumb_1200-1024x683.jpg 1024w, https:\/\/transdev-hdf.fr\/wp-content\/uploads\/2022\/03\/Transdev_IMG03403_thumb_1200-300x200.jpg 300w, https:\/\/transdev-hdf.fr\/wp-content\/uploads\/2022\/03\/Transdev_IMG03403_thumb_1200-768x512.jpg 768w, https:\/\/transdev-hdf.fr\/wp-content\/uploads\/2022\/03\/Transdev_IMG03403_thumb_1200-930x620.jpg 930w, https:\/\/transdev-hdf.fr\/wp-content\/uploads\/2022\/03\/Transdev_IMG03403_thumb_1200.jpg 1200w\" sizes=\"(max-width: 1024px) 100vw, 1024px\" \/><\/figure><div class=\"wp-block-media-text__content\">\n<blockquote class=\"wp-block-quote is-style-large\">\n<p>\u00ab\u00a0Permettre \u00e0 chacun de se d\u00e9placer chaque jour en toute confiance gr\u00e2ce \u00e0 des solutions s\u00fbres, efficaces et innovantes au service du bien commun\u00a0\u00bb<\/p>\n<\/blockquote>\n<\/div><\/div>\n\n\n\n<hr class=\"wp-block-separator has-css-opacity\"\/>\n\n\n\n<h3>Int\u00e9grer un Groupe international ancr\u00e9 dans les territoires<\/h3>\n\n\n\n<p>Notre pr\u00e9sence dans 17 pays nous permet de proposer \u00e0 nos collaborateurs des opportunit\u00e9s de mobilit\u00e9 sur tous les territoires, en France comme \u00e0 l\u2019international.<\/p>\n\n\n\n<p>Transdev, c\u2019est 150 m\u00e9tiers diff\u00e9rents au service de la mobilit\u00e9 de chacun. A travers nos fili\u00e8res professionnelles, c\u2019est tout un \u00e9cosyst\u00e8me d\u2019\u00e9quipes qui travaillent ensemble pour une mobilit\u00e9 harmonieuse et durable. Travailler chez Transdev, c\u2019est aussi avoir l\u2019opportunit\u00e9 d\u2019\u00e9voluer au sein d\u2019\u00e9quipes multiculturelles, d\u2019enrichir nos offres des savoir-faire et bonnes pratiques de nos filiales \u00e0 travers le monde.<\/p>\n\n\n\n<hr class=\"wp-block-separator has-css-opacity\"\/>\n\n\n\n<h3>Choisir un m\u00e9tier qui a du sens<\/h3>\n\n\n\n<p><strong>Nous sommes des femmes et des hommes au service des autres avec un m\u00e9tier :&nbsp;la mobilit\u00e9.<\/strong><\/p>\n\n\n\n<div class=\"wp-block-media-text alignwide is-stacked-on-mobile\"><figure class=\"wp-block-media-text__media\"><img decoding=\"async\" loading=\"lazy\" width=\"1024\" height=\"683\" src=\"https:\/\/transdev-hdf.fr\/wp-content\/uploads\/2022\/03\/Transdev_IMG02911_thumb_1200-1024x683.jpg\" alt=\"\" class=\"wp-image-1354 size-full\" srcset=\"https:\/\/transdev-hdf.fr\/wp-content\/uploads\/2022\/03\/Transdev_IMG02911_thumb_1200-1024x683.jpg 1024w, https:\/\/transdev-hdf.fr\/wp-content\/uploads\/2022\/03\/Transdev_IMG02911_thumb_1200-300x200.jpg 300w, https:\/\/transdev-hdf.fr\/wp-content\/uploads\/2022\/03\/Transdev_IMG02911_thumb_1200-768x512.jpg 768w, https:\/\/transdev-hdf.fr\/wp-content\/uploads\/2022\/03\/Transdev_IMG02911_thumb_1200-930x620.jpg 930w, https:\/\/transdev-hdf.fr\/wp-content\/uploads\/2022\/03\/Transdev_IMG02911_thumb_1200.jpg 1200w\" sizes=\"(max-width: 1024px) 100vw, 1024px\" \/><\/figure><div class=\"wp-block-media-text__content\">\n<p>Pour proposer des solutions de mobilit\u00e9 \u00e0 tous, nos r\u00e9seaux et nos collaborateurs s\u2019engagent \u00e0 vos c\u00f4t\u00e9s. Le conducteur scolaire emm\u00e8ne vos enfants \u00e0 l\u2019\u00e9cole, la conductrice d\u2019un r\u00e9seau de Transport \u00e0 la Demande permet aux personnes \u00e0 mobilit\u00e9 r\u00e9duite d\u2019acc\u00e9der aux lieux de vie qui leur sont n\u00e9cessaires, le conducteur de train ou de tramway vous emm\u00e8ne travailler chaque jour\u2026<\/p>\n<\/div><\/div>\n\n\n\n<hr class=\"wp-block-separator has-css-opacity\"\/>\n\n\n\n<h3>B\u00e9n\u00e9ficier d&rsquo;un parcours de d\u00e9veloppement personnalis\u00e9<\/h3>\n\n\n\n<p><strong>Chez Transdev, nos collaborateurs sont au c\u0153ur de notre organisation.<\/strong> <strong>Nous sommes une entreprise apprenante. Nous encourageons les parcours diversifi\u00e9s.<\/strong><\/p>\n\n\n\n<div class=\"wp-block-media-text alignwide is-stacked-on-mobile\"><figure class=\"wp-block-media-text__media\"><img decoding=\"async\" loading=\"lazy\" width=\"1024\" height=\"693\" src=\"https:\/\/transdev-hdf.fr\/wp-content\/uploads\/2020\/04\/img_8425-1024x693.jpg\" alt=\"\" class=\"wp-image-482 size-full\" srcset=\"https:\/\/transdev-hdf.fr\/wp-content\/uploads\/2020\/04\/img_8425-1024x693.jpg 1024w, https:\/\/transdev-hdf.fr\/wp-content\/uploads\/2020\/04\/img_8425-300x203.jpg 300w, https:\/\/transdev-hdf.fr\/wp-content\/uploads\/2020\/04\/img_8425-768x519.jpg 768w, https:\/\/transdev-hdf.fr\/wp-content\/uploads\/2020\/04\/img_8425.jpg 1162w\" sizes=\"(max-width: 1024px) 100vw, 1024px\" \/><\/figure><div class=\"wp-block-media-text__content\">\n<p> Nous veillons au bien-\u00eatre de nos collaborateurs et \u00e0 leur \u00e9volution au sein de l\u2019entreprise \u00e0 travers une vision globale et de nombreux programmes de d\u00e9veloppement. Ces programmes sont mis en place d\u00e8s l\u2019int\u00e9gration du collaborateur et \u00e0 chaque temps fort de son parcours dans l\u2019entreprise&nbsp;: recruter, accueillir, accompagner, d\u00e9velopper, et reconna\u00eetre chaque collaborateur. Nous vous proposons de d\u00e9couvrir MyJourney@Transdev, qui s\u2019appuie sur deux piliers&nbsp;: me@transdev et we@transdev.<\/p>\n<\/div><\/div>\n\n\n\n<hr class=\"wp-block-separator has-css-opacity\"\/>\n\n\n\n<h3>Les m\u00e9tiers qui recrutent actuellement<\/h3>\n\n\n\n<div class=\"is-layout-flex wp-container-4 wp-block-columns\">\n<div class=\"is-layout-flow wp-block-column\">\n<h2>Conducteur : devenez acteur\u00b7rice d\u2019une mobilit\u00e9 plus fluide et durable<\/h2>\n\n\n\n<figure class=\"wp-block-image size-large is-resized\"><img decoding=\"async\" loading=\"lazy\" src=\"https:\/\/transdev-hdf.fr\/wp-content\/uploads\/2022\/03\/ombeline-2.jpg\" alt=\"\" class=\"wp-image-1405\" width=\"218\" height=\"181\" srcset=\"https:\/\/transdev-hdf.fr\/wp-content\/uploads\/2022\/03\/ombeline-2.jpg 900w, https:\/\/transdev-hdf.fr\/wp-content\/uploads\/2022\/03\/ombeline-2-300x251.jpg 300w, https:\/\/transdev-hdf.fr\/wp-content\/uploads\/2022\/03\/ombeline-2-768x642.jpg 768w\" sizes=\"(max-width: 218px) 100vw, 218px\" \/><\/figure>\n\n\n\n<p>Nous responsabilisons nos \u00e9quipes et pla\u00e7ons nos conducteur\u00b7rice\u00b7s au c\u0153ur de nos activit\u00e9s. C\u2019est bien l\u2019occasion de participer \u00e0 la transformation du m\u00e9tier. En contact avec nos passagers, votre r\u00f4le est essentiel, vous \u00eates notre ambassadeur\u00b7rice et garantissez l\u2019exp\u00e9rience de voyage Transdev.<\/p>\n<\/div>\n\n\n\n<div class=\"is-layout-flow wp-block-column\">\n<h2>Agent de maintenance : rejoignez un m\u00e9tier en pleine transformation<\/h2>\n\n\n\n<figure class=\"wp-block-image size-large is-resized\"><img decoding=\"async\" loading=\"lazy\" src=\"https:\/\/transdev-hdf.fr\/wp-content\/uploads\/2022\/03\/photo-image-Atelier-connecte-2.jpg\" alt=\"\" class=\"wp-image-1396\" width=\"221\" height=\"184\" srcset=\"https:\/\/transdev-hdf.fr\/wp-content\/uploads\/2022\/03\/photo-image-Atelier-connecte-2.jpg 673w, https:\/\/transdev-hdf.fr\/wp-content\/uploads\/2022\/03\/photo-image-Atelier-connecte-2-300x250.jpg 300w\" sizes=\"(max-width: 221px) 100vw, 221px\" \/><\/figure>\n\n\n\n<p>Dans un souci permanent de s\u00e9curit\u00e9, vous assurez au quotidien le bon fonctionnement des v\u00e9hicules et des \u00e9quipements . Vous pr\u00e9parez les v\u00e9hicules aux diff\u00e9rents contr\u00f4les techniques, d\u00e9tectez, r\u00e9parez et remplacez les pi\u00e8ces d\u00e9fectueuses.<\/p>\n<\/div>\n\n\n\n<div class=\"is-layout-flow wp-block-column\">\n<h2>D\u00e9couvrez tous nos m\u00e9tiers op\u00e9rationnels et nos m\u00e9tiers supports<\/h2>\n\n\n\n<figure class=\"wp-block-image size-large is-resized\"><img decoding=\"async\" loading=\"lazy\" src=\"https:\/\/transdev-hdf.fr\/wp-content\/uploads\/2022\/03\/Transdev_IMG02030-2-1024x835.jpg\" alt=\"\" class=\"wp-image-1398\" width=\"229\" height=\"186\" srcset=\"https:\/\/transdev-hdf.fr\/wp-content\/uploads\/2022\/03\/Transdev_IMG02030-2-1024x835.jpg 1024w, https:\/\/transdev-hdf.fr\/wp-content\/uploads\/2022\/03\/Transdev_IMG02030-2-300x245.jpg 300w, https:\/\/transdev-hdf.fr\/wp-content\/uploads\/2022\/03\/Transdev_IMG02030-2-768x626.jpg 768w, https:\/\/transdev-hdf.fr\/wp-content\/uploads\/2022\/03\/Transdev_IMG02030-2-1536x1253.jpg 1536w, https:\/\/transdev-hdf.fr\/wp-content\/uploads\/2022\/03\/Transdev_IMG02030-2-2048x1671.jpg 2048w\" sizes=\"(max-width: 229px) 100vw, 229px\" \/><\/figure>\n\n\n\n<p>Assurer un service responsable et proche de ses utilisateurs requiert un travail de terrain expert. \u00catre acteur de 1er rang dans les transports demande l\u2019implication de collaborateurs engag\u00e9s. D\u00e9couvrez l&rsquo;ensemble des m\u00e9tiers du groupe<a rel=\"noreferrer noopener\" href=\"https:\/\/www.transdev.com\/fr\/nos-metiers\/\" target=\"_blank\"> ici :<\/a><\/p>\n\n\n\n<p><a rel=\"noreferrer noopener\" href=\"https:\/\/www.transdev.com\/fr\/nos-metiers\/\" target=\"_blank\">NOS METIERS<\/a><\/p>\n<\/div>\n<\/div>\n\n\n\n<hr class=\"wp-block-separator has-css-opacity\"\/>\n\n\n\n<h3>Le m\u00e9tier de conducteur en image<\/h3>\n\n\n\n<figure class=\"wp-block-video\"><video controls src=\"https:\/\/transdev-hdf.fr\/wp-content\/uploads\/2022\/03\/videorecrutementgrandest.mp4\"><\/video><\/figure>\n\n\n\n<hr class=\"wp-block-separator has-css-opacity\"\/>\n\n\n\n<h3>Acad\u00e9mie By Transdev : rejoignez-nous en apprentissage!<\/h3>\n\n\n\n<figure class=\"wp-block-image size-large\"><img decoding=\"async\" loading=\"lazy\" width=\"1024\" height=\"341\" src=\"https:\/\/transdev-hdf.fr\/wp-content\/uploads\/2022\/03\/academie2-1-1024x341.png\" alt=\"\" class=\"wp-image-1407\" srcset=\"https:\/\/transdev-hdf.fr\/wp-content\/uploads\/2022\/03\/academie2-1-1024x341.png 1024w, https:\/\/transdev-hdf.fr\/wp-content\/uploads\/2022\/03\/academie2-1-300x100.png 300w, https:\/\/transdev-hdf.fr\/wp-content\/uploads\/2022\/03\/academie2-1-768x256.png 768w, https:\/\/transdev-hdf.fr\/wp-content\/uploads\/2022\/03\/academie2-1.png 1200w\" sizes=\"(max-width: 1024px) 100vw, 1024px\" \/><\/figure>\n\n\n\n<p><strong>L\u2019Acad\u00e9mie by Transdev est un centre de formation interne \u00e0 Transdev cr\u00e9\u00e9 pour former aux m\u00e9tiers de la conduite de voyageurs.<\/strong><\/p>\n\n\n\n<div class=\"wp-block-media-text alignwide is-stacked-on-mobile\" style=\"grid-template-columns:38% auto\"><figure class=\"wp-block-media-text__media\"><img decoding=\"async\" loading=\"lazy\" width=\"1024\" height=\"768\" src=\"https:\/\/transdev-hdf.fr\/wp-content\/uploads\/2022\/03\/IMG_4044-1024x768.jpeg\" alt=\"\" class=\"wp-image-1384 size-full\" srcset=\"https:\/\/transdev-hdf.fr\/wp-content\/uploads\/2022\/03\/IMG_4044-1024x768.jpeg 1024w, https:\/\/transdev-hdf.fr\/wp-content\/uploads\/2022\/03\/IMG_4044-300x225.jpeg 300w, https:\/\/transdev-hdf.fr\/wp-content\/uploads\/2022\/03\/IMG_4044-768x576.jpeg 768w, https:\/\/transdev-hdf.fr\/wp-content\/uploads\/2022\/03\/IMG_4044-1536x1152.jpeg 1536w, https:\/\/transdev-hdf.fr\/wp-content\/uploads\/2022\/03\/IMG_4044.jpeg 2048w\" sizes=\"(max-width: 1024px) 100vw, 1024px\" \/><\/figure><div class=\"wp-block-media-text__content\">\n<p>L\u2019Acad\u00e9mie met en place des formations dipl\u00f4mantes reconnues par l\u2019Etat et la profession. Nos apprentis peuvent ainsi obtenir le CTCR (titre professionnel de Conducteur de Transport en Commun sur Route), ou le CAP AACR (CAP d\u2019Agent d\u2019Accueil et de Conduite Routi\u00e8re). Ces formations sont dispens\u00e9es en collaboration avec l\u2019AFTRAL dans les Hauts-de-France, partenaire de longue date, et expert formation initiale des conducteurs. <\/p>\n<\/div><\/div>\n\n\n\n<p>Un accompagnement tout au long du parcours de nos apprentis est mis en place par des maitres d\u2019apprentissage, des conducteurs exp\u00e9riment\u00e9s et des r\u00e9f\u00e9rents de l\u2019entreprise.<\/p>\n\n\n\n<hr class=\"wp-block-separator has-css-opacity\"\/>\n\n\n\n<h3>Nous contacter<\/h3>\n\n\n\n<p>Pour nous contacter et pour postuler, une seule adresse : <a href=\"mailto:academietransdev.hdf@transdev.com\">academietransdev.hdf@transdev.com<\/a><\/p>\n","protected":false},"excerpt":{"rendered":"<p>Int\u00e9grer un Groupe international ancr\u00e9 dans les territoires Notre pr\u00e9sence dans 17 pays nous permet de proposer \u00e0 nos collaborateurs des opportunit\u00e9s de mobilit\u00e9 sur tous les territoires, en France comme \u00e0 l\u2019international. Transdev, c\u2019est 150 m\u00e9tiers diff\u00e9rents au service de la mobilit\u00e9 de chacun. A travers nos fili\u00e8res professionnelles, c\u2019est tout un \u00e9cosyst\u00e8me d\u2019\u00e9quipes&hellip;&nbsp;<a href=\"https:\/\/transdev-hdf.fr\/index.php\/nous-rejoindre\/\" class=\"\" rel=\"bookmark\">Lire la suite &raquo;<span class=\"screen-reader-text\">Nous rejoindre<\/span><\/a><\/p>\n","protected":false},"author":1,"featured_media":0,"parent":0,"menu_order":0,"comment_status":"closed","ping_status":"closed","template":"","meta":[],"_links":{"self":[{"href":"https:\/\/transdev-hdf.fr\/index.php\/wp-json\/wp\/v2\/pages\/1343"}],"collection":[{"href":"https:\/\/transdev-hdf.fr\/index.php\/wp-json\/wp\/v2\/pages"}],"about":[{"href":"https:\/\/transdev-hdf.fr\/index.php\/wp-json\/wp\/v2\/types\/page"}],"author":[{"embeddable":true,"href":"https:\/\/transdev-hdf.fr\/index.php\/wp-json\/wp\/v2\/users\/1"}],"replies":[{"embeddable":true,"href":"https:\/\/transdev-hdf.fr\/index.php\/wp-json\/wp\/v2\/comments?post=1343"}],"version-history":[{"count":31,"href":"https:\/\/transdev-hdf.fr\/index.php\/wp-json\/wp\/v2\/pages\/1343\/revisions"}],"predecessor-version":[{"id":2096,"href":"https:\/\/transdev-hdf.fr\/index.php\/wp-json\/wp\/v2\/pages\/1343\/revisions\/2096"}],"wp:attachment":[{"href":"https:\/\/transdev-hdf.fr\/index.php\/wp-json\/wp\/v2\/media?parent=1343"}],"curies":[{"name":"wp","href":"https:\/\/api.w.org\/{rel}","templated":true}]}}